{"id":33,"date":"2025-05-12T11:01:03","date_gmt":"2025-05-12T09:01:03","guid":{"rendered":"https:\/\/sgk-lsa.net\/?page_id=33"},"modified":"2025-10-04T11:34:28","modified_gmt":"2025-10-04T09:34:28","slug":"beitrittsformular-mit-sepa","status":"publish","type":"page","link":"https:\/\/sgk-lsa.net\/?page_id=33","title":{"rendered":"Beitrittsformular"},"content":{"rendered":"<div data-elementor-type=\"wp-page\" data-elementor-id=\"33\" class=\"elementor elementor-33\">\n\t\t\t\t<div class=\"elementor-element elementor-element-2d24a24 e-flex e-con-boxed e-con e-parent\" data-id=\"2d24a24\" data-element_type=\"container\" data-e-type=\"container\">\n\t\t\t\t\t<div class=\"e-con-inner\">\n\t\t\t\t<div class=\"elementor-element elementor-element-c66371f elementor-widget elementor-widget-shortcode\" data-id=\"c66371f\" data-element_type=\"widget\" data-e-type=\"widget\" data-widget_type=\"shortcode.default\">\n\t\t\t\t<div class=\"elementor-widget-container\">\n\t\t\t\t\t\t\t<div class=\"elementor-shortcode\">\n<div class=\"wpcf7 no-js\" id=\"wpcf7-f5-o1\" lang=\"de-DE\" dir=\"ltr\" data-wpcf7-id=\"5\">\n<div class=\"screen-reader-response\"><p role=\"status\" aria-live=\"polite\" aria-atomic=\"true\"><\/p> <ul><\/ul><\/div>\n<form action=\"\/index.php?rest_route=%2Fwp%2Fv2%2Fpages%2F33#wpcf7-f5-o1\" method=\"post\" class=\"wpcf7-form init cf7-style\" aria-label=\"Kontaktformular\" novalidate=\"novalidate\" data-status=\"init\">\n<fieldset class=\"hidden-fields-container\"><input type=\"hidden\" name=\"_wpcf7\" value=\"5\" \/><input type=\"hidden\" name=\"_wpcf7_version\" value=\"6.1.5\" \/><input type=\"hidden\" name=\"_wpcf7_locale\" value=\"de_DE\" \/><input type=\"hidden\" name=\"_wpcf7_unit_tag\" value=\"wpcf7-f5-o1\" \/><input type=\"hidden\" name=\"_wpcf7_container_post\" value=\"0\" \/><input type=\"hidden\" name=\"_wpcf7_posted_data_hash\" value=\"\" \/>\n<\/fieldset>\n<p><label> Name: <span class=\"wpcf7-form-control-wrap\" data-name=\"nachname\"><input size=\"40\" maxlength=\"400\" class=\"wpcf7-form-control wpcf7-text wpcf7-validates-as-required\" aria-required=\"true\" aria-invalid=\"false\" value=\"\" type=\"text\" name=\"nachname\" \/><\/span> <\/label>\n<\/p>\n<p><label> Vorname: <span class=\"wpcf7-form-control-wrap\" data-name=\"vorname\"><input size=\"40\" maxlength=\"400\" class=\"wpcf7-form-control wpcf7-text wpcf7-validates-as-required\" aria-required=\"true\" aria-invalid=\"false\" value=\"\" type=\"text\" name=\"vorname\" \/><\/span> <\/label>\n<\/p>\n<p><label> Wohnort: <span class=\"wpcf7-form-control-wrap\" data-name=\"wohnort\"><input size=\"40\" maxlength=\"400\" class=\"wpcf7-form-control wpcf7-text wpcf7-validates-as-required\" aria-required=\"true\" aria-invalid=\"false\" value=\"\" type=\"text\" name=\"wohnort\" \/><\/span> <\/label>\n<\/p>\n<p><label> Stra\u00dfe: <span class=\"wpcf7-form-control-wrap\" data-name=\"strasse\"><input size=\"40\" maxlength=\"400\" class=\"wpcf7-form-control wpcf7-text wpcf7-validates-as-required\" aria-required=\"true\" aria-invalid=\"false\" value=\"\" type=\"text\" name=\"strasse\" \/><\/span> <\/label>\n<\/p>\n<p><label> Telefon \/ Mobil: <span class=\"wpcf7-form-control-wrap\" data-name=\"telefon\"><input size=\"40\" maxlength=\"400\" class=\"wpcf7-form-control wpcf7-tel wpcf7-validates-as-required wpcf7-text wpcf7-validates-as-tel\" aria-required=\"true\" aria-invalid=\"false\" value=\"\" type=\"tel\" name=\"telefon\" \/><\/span> <\/label>\n<\/p>\n<p><label> E-Mail: <span class=\"wpcf7-form-control-wrap\" data-name=\"email\"><input size=\"40\" maxlength=\"400\" class=\"wpcf7-form-control wpcf7-email wpcf7-validates-as-required wpcf7-text wpcf7-validates-as-email\" aria-required=\"true\" aria-invalid=\"false\" value=\"\" type=\"email\" name=\"email\" \/><\/span> <\/label>\n<\/p>\n<p><label> Kommunalpolitische \u00c4mter: <span class=\"wpcf7-form-control-wrap\" data-name=\"aemter\"><textarea cols=\"40\" rows=\"10\" maxlength=\"2000\" class=\"wpcf7-form-control wpcf7-textarea\" aria-invalid=\"false\" name=\"aemter\"><\/textarea><\/span> <\/label>\n<\/p>\n<div class=\"declaration\">\n\t<p>Ich erkl\u00e4re meinen Beitritt zur Sozialdemokratischen Gemeinschaft f\u00fcr Kommunalpolitik in Sachsen-Anhalt e.V. Mit dem Beitritt ist gem\u00e4\u00df \u00a7 3 der Satzung der SGK Sachsen-Anhalt e.V. die Mitgliedschaft in der Bundes-SGK verbunden.\n\t<\/p>\n\t<p>Ich habe die Beitragstabelle der SGK Sachsen-Anhalt e.V. zur Kenntnis genommen.\n\t<\/p>\n\t<p>Ich verpflichte ich mich zur Zahlung eines monatlichen Beitrags von:\n\t<\/p>\n\t<p><label> Mtl. EUR: <span class=\"wpcf7-form-control-wrap\" data-name=\"ort_datum\"><input size=\"40\" maxlength=\"400\" class=\"wpcf7-form-control wpcf7-text wpcf7-validates-as-required\" aria-required=\"true\" aria-invalid=\"false\" placeholder=\"\" value=\"\" type=\"text\" name=\"ort_datum\" \/><\/span> <\/label><br \/>\n<label> Ort, Datum: <span class=\"wpcf7-form-control-wrap\" data-name=\"ort_datum\"><input size=\"40\" maxlength=\"400\" class=\"wpcf7-form-control wpcf7-text wpcf7-validates-as-required\" aria-required=\"true\" aria-invalid=\"false\" placeholder=\"\" value=\"\" type=\"text\" name=\"ort_datum\" \/><\/span> <\/label>\n\t<\/p>\n<\/div>\n<h2>SEPA-Lastschriftmandat (Einzugserm\u00e4chtigung)\n<\/h2>\n<p><strong>Name des Zahlungsempf\u00e4ngers:<\/strong> SGK Sachsen-Anhalt e.V.\n<\/p>\n<p><strong>Anschrift des Zahlungsempf\u00e4ngers:<\/strong> B\u00fcrgelstra\u00dfe 1, 39104 Magdeburg\n<\/p>\n<p><strong>Gl\u00e4ubiger-Identifikationsnummer:<\/strong> DE24SGK00001176632\n<\/p>\n<p><strong>Mandatsreferenz:<\/strong> (wird vom Zahlungsempf\u00e4nger ausgef\u00fcllt)\n<\/p>\n<div class=\"declaration\">\n\t<p><strong>Ich erm\u00e4chtige den Zahlungsempf\u00e4nger Sozialdemokratische Gemeinschaft f\u00fcr Kommunalpolitik Sachsen-Anhalt Zahlungen von meinem Konto mittels Lastschrift einzuziehen.<\/strong>\n\t<\/p>\n\t<p>Zugleich weise ich mein Kreditinstitut an, die vom Zahlungsempf\u00e4nger Sozialdemokratische Gemeinschaft f\u00fcr Kommunalpolitik auf mein Konto gezogenen Lastschriften einzul\u00f6sen.\n\t<\/p>\n\t<p><em>Hinweis:<\/em> Ich kann innerhalb von acht Wochen, beginnend mit dem Belastungsdatum, die Erstattung des belasteten Betrages verlangen. Es gelten dabei die mit meinem Kreditinstitut vereinbarten Bedingungen.\n\t<\/p>\n\t<p><label> Name des Zahlungspflichtigen (Kontoinhaber): <span class=\"wpcf7-form-control-wrap\" data-name=\"zahlungspflichtiger_name\"><input size=\"40\" maxlength=\"400\" class=\"wpcf7-form-control wpcf7-text wpcf7-validates-as-required\" aria-required=\"true\" aria-invalid=\"false\" value=\"\" type=\"text\" name=\"zahlungspflichtiger_name\" \/><\/span> <\/label>\n\t<\/p>\n\t<p><label> Zahlungsart: \"Wiederkehrende Zahlung\" <\/label>\n\t<\/p>\n\t<p><label> Anschrift des Zahlungspflichtigen (Kontoinhaber), wenn nicht zugleich Mitglied (Str. Hsnr. Plz., Ort): <span class=\"wpcf7-form-control-wrap\" data-name=\"zahlungspflichtiger_adresse\"><textarea cols=\"40\" rows=\"10\" maxlength=\"2000\" class=\"wpcf7-form-control wpcf7-textarea\" aria-invalid=\"false\" name=\"zahlungspflichtiger_adresse\"><\/textarea><\/span> <\/label>\n\t<\/p>\n\t<p><label> IBAN des Zahlungspflichtigen: <span class=\"wpcf7-form-control-wrap\" data-name=\"iban\"><input size=\"40\" maxlength=\"400\" class=\"wpcf7-form-control wpcf7-text wpcf7-validates-as-required\" aria-required=\"true\" aria-invalid=\"false\" placeholder=\"\" value=\"\" type=\"text\" name=\"iban\" \/><\/span> <\/label>\n\t<\/p>\n\t<p><label> BIC: <span class=\"wpcf7-form-control-wrap\" data-name=\"bic\"><input size=\"40\" maxlength=\"400\" class=\"wpcf7-form-control wpcf7-text wpcf7-validates-as-required\" aria-required=\"true\" aria-invalid=\"false\" placeholder=\"\" value=\"\" type=\"text\" name=\"bic\" \/><\/span> <\/label>\n\t<\/p>\n\t<p><label> Ort, Datum: <span class=\"wpcf7-form-control-wrap\" data-name=\"sepa_ort_datum\"><input size=\"40\" maxlength=\"400\" class=\"wpcf7-form-control wpcf7-text wpcf7-validates-as-required\" aria-required=\"true\" aria-invalid=\"false\" value=\"\" type=\"text\" name=\"sepa_ort_datum\" \/><\/span> <\/label>\n\t<\/p>\n<\/div>\n<p><em>Der Einzug der Monatsbeitr\u00e4ge erfolgt j\u00e4hrliche im ersten Quartal des laufenden Jahres. Im Beitrittsjahr erfolgt der Einzug der Monatsbeitr\u00e4ge 4 Wochen nach Eintrittsdatum f\u00fcr das laufende Jahr.<\/em>\n<\/p>\n<div class=\"datenschutz\">\n\t<h2>Datenschutzhinweise f\u00fcr Mitglieder der SGK Sachsen-Anhalt e.V.\n\t<\/h2>\n\t<p>Die SGK Sachsen-Anhalt erhebt, verarbeitet und nutzt Ihre personenbezogenen Daten gem\u00e4\u00df den Vorgaben der EU-Datenschutzgrundverordnung (EU-DSGVO) sowie des Bundesdatenschutzgesetzes (BDSG) ausschlie\u00dflich zur Begr\u00fcndung, Durchf\u00fchrung und Verwaltung Ihrer Mitgliedschaft.\n\t<\/p>\n\t<p><strong>Erhobene Daten k\u00f6nnen u.a. folgende Informationen umfassen:<\/strong>\n\t<\/p>\n\t<ul>\n\t\t<li>\n\t\t\t<p>Name, Vorname, Anschrift\n\t\t\t<\/p>\n\t\t<\/li>\n\t\t<li>\n\t\t\t<p>Geburtsdatum\n\t\t\t<\/p>\n\t\t<\/li>\n\t\t<li>\n\t\t\t<p>Telefonnummern (Festnetz, Mobilfunk, Dienstnummern)\n\t\t\t<\/p>\n\t\t<\/li>\n\t\t<li>\n\t\t\t<p>E-Mail-Adresse\n\t\t\t<\/p>\n\t\t<\/li>\n\t\t<li>\n\t\t\t<p>Bankverbindung\n\t\t\t<\/p>\n\t\t<\/li>\n\t\t<li>\n\t\t\t<p>Beitrittsdatum\n\t\t\t<\/p>\n\t\t<\/li>\n\t\t<li>\n\t\t\t<p>Funktionen (bei Funktionstrager:innen)\n\t\t\t<\/p>\n\t\t<\/li>\n\t\t<li>\n\t\t\t<p>Parteimitgliedschaft\n\t\t\t<\/p>\n\t\t<\/li>\n\t\t<li>\n\t\t\t<p>Eingruppierung (z.B. bei kommunalen Besch\u00e4ftigten)\n\t\t\t<\/p>\n\t\t<\/li>\n\t\t<li>\n\t\t\t<p>Fotos im Rahmen satzungsgem\u00e4\u00dfer Veranstaltungen\n\t\t\t<\/p>\n\t\t<\/li>\n\t\t<li>\n\t\t\t<p>Angaben zu Webseite oder Internetpr\u00e4senz\n\t\t\t<\/p>\n\t\t<\/li>\n\t<\/ul>\n\t<p><strong>Zweck der Verarbeitung:<\/strong> Die Verarbeitung erfolgt ausschlie\u00dflich im Rahmen der satzungsgem\u00e4\u00dfen Zwecke der SGK Sachsen-Anhalt e.V. Eine Weitergabe Ihrer Daten erfolgt nur an Personen innerhalb der SGK (Vorstand, Gesch\u00e4ftsstelle, Kreisverb\u00e4nde, Bundes-SGK) und an besonders beauftragte Dritte, wenn dies zur Erf\u00fcllung ihrer Aufgaben erforderlich ist.\n\t<\/p>\n\t<p><strong>Besondere Weitergaben:<\/strong>\n\t<\/p>\n\t<ul>\n\t\t<li>\n\t\t\t<p>Adressdaten k\u00f6nnen im Einzelfall an SGK-nahe Organisationen (z.B. SPD-Fraktionen, kommunalpolitische Bildungswerke) zum Versand von Veranstaltungshinweisen oder Fachinformationen weitergegeben werden.\n\t\t\t<\/p>\n\t\t<\/li>\n\t\t<li>\n\t\t\t<p>F\u00fcr den Versand der Zeitschriften \"DIE KOMMUNALE\" und \"DEMO\" werden Name und Anschrift an die beauftragte Druckerei sowie an Postdienstleister \u00fcbermittelt.\n\t\t\t<\/p>\n\t\t<\/li>\n\t<\/ul>\n\t<p><strong> Ver\u00f6ffentlichungen:<\/strong> Im Rahmen von satzungsgem\u00e4\u00dfen Veranstaltungen und Vereinsaktivit\u00e4ten k\u00f6nnen personenbezogene Daten und Fotos in Print- und Onlinemedien der SGK ver\u00f6ffentlicht und ggf. an externe Medien weitergegeben werden (z.B. Berichterstattung, Verbandszeitung, Website).\n\t<\/p>\n\t<p><strong>Dieses Einverst\u00e4ndnis kann jederzeit schriftlich widerrufen werden.<\/strong>\n\t<\/p>\n\t<p><strong>Ihre Rechte:<\/strong> Sie haben das Recht auf Auskunft \u00fcber die zu Ihrer Person gespeicherten Daten, deren Herkunft und Empf\u00e4nger sowie den Zweck der Speicherung. Zudem stehen Ihnen Rechte auf Berichtigung, L\u00f6schung oder Einschr\u00e4nkung der Verarbeitung zu.\n\t<\/p>\n\t<p><strong>L\u00f6schung der Daten:<\/strong> Nach Austritt aus der SGK werden Ihre Daten gel\u00f6scht. Daten mit Bezug zur Kassenverwaltung werden entsprechend der steuerrechtlichen Vorgaben bis zu zehn Jahre aufbewahrt.\n\t<\/p>\n\t<p><strong>Weitere Informationen:<\/strong> Ausf\u00fchrliche Hinweise zum Datenschutz finden Sie auf der offiziellen Website der SGK Sachsen-Anhalt unter: Datenschutzerkl\u00e4rung der SGK Sachsen-Anhalt e.V.\n\t<\/p>\n\t<p><span class=\"wpcf7-form-control-wrap\" data-name=\"datenschutz_einverstandnis\"><span class=\"wpcf7-form-control wpcf7-acceptance\"><span class=\"wpcf7-list-item\"><label><input type=\"checkbox\" name=\"datenschutz_einverstandnis\" value=\"1\" aria-invalid=\"false\" \/><span class=\"wpcf7-list-item-label\">Ich habe die Datenschutzhinweise gelesen und stimme der Verarbeitung meiner Daten zu.<\/span><\/label><\/span><\/span><\/span>\n\t<\/p>\n<\/div>\n<p><input class=\"wpcf7-form-control wpcf7-submit has-spinner\" type=\"submit\" value=\"Antrag absenden\" \/>\n<\/p><div class=\"wpcf7-response-output\" aria-hidden=\"true\"><\/div>\n<\/form>\n<\/div>\n<\/div>\n\t\t\t\t\t\t<\/div>\n\t\t\t\t<\/div>\n\t\t\t\t\t<\/div>\n\t\t\t\t<\/div>\n\t\t\t\t<\/div>","protected":false},"excerpt":{"rendered":"","protected":false},"author":1,"featured_media":0,"parent":0,"menu_order":0,"comment_status":"closed","ping_status":"closed","template":"","meta":{"_EventAllDay":false,"_EventTimezone":"","_EventStartDate":"","_EventEndDate":"","_EventStartDateUTC":"","_EventEndDateUTC":"","_EventShowMap":false,"_EventShowMapLink":false,"_EventURL":"","_EventCost":"","_EventCostDescription":"","_EventCurrencySymbol":"","_EventCurrencyCode":"","_EventCurrencyPosition":"","_EventDateTimeSeparator":"","_EventTimeRangeSeparator":"","_EventOrganizerID":[],"_EventVenueID":[],"_OrganizerEmail":"","_OrganizerPhone":"","_OrganizerWebsite":"","_VenueAddress":"","_VenueCity":"","_VenueCountry":"","_VenueProvince":"","_VenueState":"","_VenueZip":"","_VenuePhone":"","_VenueURL":"","_VenueStateProvince":"","_VenueLat":"","_VenueLng":"","_VenueShowMap":false,"_VenueShowMapLink":false,"footnotes":""},"class_list":["post-33","page","type-page","status-publish","hentry"],"_links":{"self":[{"href":"https:\/\/sgk-lsa.net\/index.php?rest_route=\/wp\/v2\/pages\/33","targetHints":{"allow":["GET"]}}],"collection":[{"href":"https:\/\/sgk-lsa.net\/index.php?rest_route=\/wp\/v2\/pages"}],"about":[{"href":"https:\/\/sgk-lsa.net\/index.php?rest_route=\/wp\/v2\/types\/page"}],"author":[{"embeddable":true,"href":"https:\/\/sgk-lsa.net\/index.php?rest_route=\/wp\/v2\/users\/1"}],"replies":[{"embeddable":true,"href":"https:\/\/sgk-lsa.net\/index.php?rest_route=%2Fwp%2Fv2%2Fcomments&post=33"}],"version-history":[{"count":0,"href":"https:\/\/sgk-lsa.net\/index.php?rest_route=\/wp\/v2\/pages\/33\/revisions"}],"wp:attachment":[{"href":"https:\/\/sgk-lsa.net\/index.php?rest_route=%2Fwp%2Fv2%2Fmedia&parent=33"}],"curies":[{"name":"wp","href":"https:\/\/api.w.org\/{rel}","templated":true}]}}